{"id":16,"date":"2025-07-10T15:12:14","date_gmt":"2025-07-10T15:12:14","guid":{"rendered":"https:\/\/digitalpulsesrl.com.ar\/?page_id=16"},"modified":"2025-07-22T21:20:58","modified_gmt":"2025-07-22T21:20:58","slug":"soluciones-informaticas","status":"publish","type":"page","link":"https:\/\/digitalpulsesrl.com.ar\/","title":{"rendered":"Digital Pulse | Soluciones inform\u00e1ticas integrales"},"content":{"rendered":"\t\t<div data-elementor-type=\"wp-page\" data-elementor-id=\"16\" class=\"elementor elementor-16\">\n\t\t\t\t<header class=\"elementor-element elementor-element-69f446c2 e-con-full e-flex e-con e-parent\" data-id=\"69f446c2\" data-element_type=\"container\">\n\t\t<div class=\"elementor-element elementor-element-2110e6a4 e-con-full e-flex e-con e-child\" data-id=\"2110e6a4\" data-element_type=\"container\">\n\t\t<div class=\"elementor-element elementor-element-7774f7c e-con-full e-flex e-con e-child\" data-id=\"7774f7c\" data-element_type=\"container\">\n\t\t\t\t<div class=\"elementor-element elementor-element-264551a elementor-widget elementor-widget-heading\" data-id=\"264551a\" data-element_type=\"widget\" data-widget_type=\"heading.default\">\n\t\t\t\t\t<h1 class=\"elementor-heading-title elementor-size-default\">Soluciones inform\u00e1ticas integrales<\/h1>\t\t\t\t<\/div>\n\t\t\t\t<\/div>\n\t\t\t\t<\/div>\n\t\t\t\t<\/header>\n\t\t<div class=\"elementor-element elementor-element-3aa22490 e-flex e-con-boxed e-con e-parent\" data-id=\"3aa22490\" data-element_type=\"container\" data-settings=\"{&quot;background_background&quot;:&quot;classic&quot;}\">\n\t\t\t\t\t<div class=\"e-con-inner\">\n\t\t<div class=\"elementor-element elementor-element-5939dad9 e-con-full e-flex e-con e-child\" data-id=\"5939dad9\" data-element_type=\"container\">\n\t\t\t\t<div class=\"elementor-element elementor-element-72feb8f6 elementor-widget elementor-widget-heading\" data-id=\"72feb8f6\" data-element_type=\"widget\" data-widget_type=\"heading.default\">\n\t\t\t\t\t<h2 class=\"elementor-heading-title elementor-size-default\">Nosotros<\/h2>\t\t\t\t<\/div>\n\t\t\t\t<div class=\"elementor-element elementor-element-62298150 elementor-widget elementor-widget-text-editor\" data-id=\"62298150\" data-element_type=\"widget\" data-widget_type=\"text-editor.default\">\n\t\t\t\t\t\t\t\t\t<p data-start=\"188\" data-end=\"456\">En <strong data-start=\"191\" data-end=\"207\">DigitalPulse<\/strong> impulsamos el latido tecnol\u00f3gico de tu mundo. Somos una empresa especializada en soluciones inform\u00e1ticas integrales y venta de equipos de \u00faltima generaci\u00f3n, pensada para acompa\u00f1ar a empresas, profesionales y usuarios en su transformaci\u00f3n digital.<\/p><p data-start=\"458\" data-end=\"709\">Desde nuestros inicios, nos propusimos ser m\u00e1s que un proveedor: queremos ser tu aliado tecnol\u00f3gico. Combinamos innovaci\u00f3n, experiencia y compromiso para ofrecer servicios y productos que marcan la diferencia en rendimiento, calidad y confiabilidad.<\/p>\t\t\t\t\t\t\t\t<\/div>\n\t\t\t\t<div class=\"elementor-element elementor-element-6d2a0a2c elementor-mobile-align-center elementor-tablet-align-center elementor-widget elementor-widget-button\" data-id=\"6d2a0a2c\" data-element_type=\"widget\" data-widget_type=\"button.default\">\n\t\t\t\t\t\t\t\t\t\t<a class=\"elementor-button elementor-button-link elementor-size-sm\" href=\"#contacto\">\n\t\t\t\t\t\t<span class=\"elementor-button-content-wrapper\">\n\t\t\t\t\t\t\t\t\t<span class=\"elementor-button-text\">Contacto<\/span>\n\t\t\t\t\t<\/span>\n\t\t\t\t\t<\/a>\n\t\t\t\t\t\t\t\t<\/div>\n\t\t\t\t<\/div>\n\t\t<div class=\"elementor-element elementor-element-7188a334 e-flex e-con-boxed e-con e-child\" data-id=\"7188a334\" data-element_type=\"container\">\n\t\t\t\t\t<div class=\"e-con-inner\">\n\t\t\t\t<div class=\"elementor-element elementor-element-6cf40da elementor-widget elementor-widget-image\" data-id=\"6cf40da\" data-element_type=\"widget\" data-widget_type=\"image.default\">\n\t\t\t\t\t\t\t\t\t\t\t\t\t\t\t<img fetchpriority=\"high\" decoding=\"async\" width=\"500\" height=\"500\" src=\"https:\/\/digitalpulsesrl.com.ar\/wp-content\/uploads\/2025\/07\/imgnosotris.webp\" class=\"attachment-large size-large wp-image-123\" alt=\"\" srcset=\"https:\/\/digitalpulsesrl.com.ar\/wp-content\/uploads\/2025\/07\/imgnosotris.webp 500w, https:\/\/digitalpulsesrl.com.ar\/wp-content\/uploads\/2025\/07\/imgnosotris-300x300.webp 300w, https:\/\/digitalpulsesrl.com.ar\/wp-content\/uploads\/2025\/07\/imgnosotris-150x150.webp 150w\" sizes=\"(max-width: 500px) 100vw, 500px\" \/>\t\t\t\t\t\t\t\t\t\t\t\t\t\t\t<\/div>\n\t\t\t\t\t<\/div>\n\t\t\t\t<\/div>\n\t\t\t\t\t<\/div>\n\t\t\t\t<\/div>\n\t\t<div class=\"elementor-element elementor-element-386b6a2 e-flex e-con-boxed e-con e-parent\" data-id=\"386b6a2\" data-element_type=\"container\">\n\t\t\t\t\t<div class=\"e-con-inner\">\n\t\t\t\t<div class=\"elementor-element elementor-element-a35e616 elementor-widget elementor-widget-heading\" data-id=\"a35e616\" data-element_type=\"widget\" data-widget_type=\"heading.default\">\n\t\t\t\t\t<h3 class=\"elementor-heading-title elementor-size-default\">Lo que buscas lo encontras ac\u00e1<\/h3>\t\t\t\t<\/div>\n\t\t\t\t\t<\/div>\n\t\t\t\t<\/div>\n\t\t<div class=\"elementor-element elementor-element-69d225ca e-con-full e-flex e-con e-parent\" data-id=\"69d225ca\" data-element_type=\"container\" id=\"next\">\n\t\t\t\t<div class=\"elementor-element elementor-element-564c50ea elementor-widget elementor-widget-heading\" data-id=\"564c50ea\" data-element_type=\"widget\" data-widget_type=\"heading.default\">\n\t\t\t\t\t<h3 class=\"elementor-heading-title elementor-size-default\">Servicios<\/h3>\t\t\t\t<\/div>\n\t\t\t\t<div class=\"elementor-element elementor-element-41778fdb elementor-widget elementor-widget-heading\" data-id=\"41778fdb\" data-element_type=\"widget\" data-widget_type=\"heading.default\">\n\t\t\t\t\t<p class=\"elementor-heading-title elementor-size-default\">Conoce todo lo que hacemos.<\/p>\t\t\t\t<\/div>\n\t\t<div class=\"elementor-element elementor-element-28024a2e e-con-full e-flex e-con e-child\" data-id=\"28024a2e\" data-element_type=\"container\">\n\t\t<div class=\"elementor-element elementor-element-30da4656 e-con-full e-flex e-con e-child\" data-id=\"30da4656\" data-element_type=\"container\">\n\t\t\t\t<div class=\"elementor-element elementor-element-4bb45c36 elementor-position-top elementor-widget elementor-widget-image-box\" data-id=\"4bb45c36\" data-element_type=\"widget\" data-widget_type=\"image-box.default\">\n\t\t\t\t\t<div class=\"elementor-image-box-wrapper\"><figure class=\"elementor-image-box-img\"><a href=\"#\" tabindex=\"-1\"><img decoding=\"async\" width=\"500\" height=\"500\" src=\"https:\/\/digitalpulsesrl.com.ar\/wp-content\/uploads\/2025\/07\/armadopc.webp\" class=\"elementor-animation-grow attachment-full size-full wp-image-115\" alt=\"\" srcset=\"https:\/\/digitalpulsesrl.com.ar\/wp-content\/uploads\/2025\/07\/armadopc.webp 500w, https:\/\/digitalpulsesrl.com.ar\/wp-content\/uploads\/2025\/07\/armadopc-300x300.webp 300w, https:\/\/digitalpulsesrl.com.ar\/wp-content\/uploads\/2025\/07\/armadopc-150x150.webp 150w\" sizes=\"(max-width: 500px) 100vw, 500px\" \/><\/a><\/figure><div class=\"elementor-image-box-content\"><h4 class=\"elementor-image-box-title\"><a href=\"#\">Arma tu pc<\/a><\/h4><\/div><\/div>\t\t\t\t<\/div>\n\t\t\t\t<\/div>\n\t\t<div class=\"elementor-element elementor-element-3c3bc067 e-con-full e-flex e-con e-child\" data-id=\"3c3bc067\" data-element_type=\"container\">\n\t\t\t\t<div class=\"elementor-element elementor-element-35d5b67b elementor-position-top elementor-widget elementor-widget-image-box\" data-id=\"35d5b67b\" data-element_type=\"widget\" data-widget_type=\"image-box.default\">\n\t\t\t\t\t<div class=\"elementor-image-box-wrapper\"><figure class=\"elementor-image-box-img\"><a href=\"#\" tabindex=\"-1\"><img decoding=\"async\" width=\"500\" height=\"500\" src=\"https:\/\/digitalpulsesrl.com.ar\/wp-content\/uploads\/2025\/07\/monitor.webp\" class=\"elementor-animation-grow attachment-full size-full wp-image-116\" alt=\"\" srcset=\"https:\/\/digitalpulsesrl.com.ar\/wp-content\/uploads\/2025\/07\/monitor.webp 500w, https:\/\/digitalpulsesrl.com.ar\/wp-content\/uploads\/2025\/07\/monitor-300x300.webp 300w, https:\/\/digitalpulsesrl.com.ar\/wp-content\/uploads\/2025\/07\/monitor-150x150.webp 150w\" sizes=\"(max-width: 500px) 100vw, 500px\" \/><\/a><\/figure><div class=\"elementor-image-box-content\"><h4 class=\"elementor-image-box-title\"><a href=\"#\">Los mejores Monitores<\/a><\/h4><\/div><\/div>\t\t\t\t<\/div>\n\t\t\t\t<\/div>\n\t\t<div class=\"elementor-element elementor-element-446eafd1 e-con-full e-flex e-con e-child\" data-id=\"446eafd1\" data-element_type=\"container\">\n\t\t\t\t<div class=\"elementor-element elementor-element-6bbf1757 elementor-position-top elementor-widget elementor-widget-image-box\" data-id=\"6bbf1757\" data-element_type=\"widget\" data-widget_type=\"image-box.default\">\n\t\t\t\t\t<div class=\"elementor-image-box-wrapper\"><figure class=\"elementor-image-box-img\"><a href=\"#\" tabindex=\"-1\"><img loading=\"lazy\" decoding=\"async\" width=\"500\" height=\"500\" src=\"https:\/\/digitalpulsesrl.com.ar\/wp-content\/uploads\/2025\/07\/notebooks.webp\" class=\"elementor-animation-grow attachment-full size-full wp-image-117\" alt=\"\" srcset=\"https:\/\/digitalpulsesrl.com.ar\/wp-content\/uploads\/2025\/07\/notebooks.webp 500w, https:\/\/digitalpulsesrl.com.ar\/wp-content\/uploads\/2025\/07\/notebooks-300x300.webp 300w, https:\/\/digitalpulsesrl.com.ar\/wp-content\/uploads\/2025\/07\/notebooks-150x150.webp 150w\" sizes=\"(max-width: 500px) 100vw, 500px\" \/><\/a><\/figure><div class=\"elementor-image-box-content\"><h4 class=\"elementor-image-box-title\"><a href=\"#\">Notebooks <\/a><\/h4><\/div><\/div>\t\t\t\t<\/div>\n\t\t\t\t<\/div>\n\t\t<div class=\"elementor-element elementor-element-352d8159 e-con-full e-flex e-con e-child\" data-id=\"352d8159\" data-element_type=\"container\">\n\t\t\t\t<div class=\"elementor-element elementor-element-1546c0a2 elementor-position-top elementor-widget elementor-widget-image-box\" data-id=\"1546c0a2\" data-element_type=\"widget\" data-widget_type=\"image-box.default\">\n\t\t\t\t\t<div class=\"elementor-image-box-wrapper\"><figure class=\"elementor-image-box-img\"><a href=\"#\" tabindex=\"-1\"><img loading=\"lazy\" decoding=\"async\" width=\"500\" height=\"500\" src=\"https:\/\/digitalpulsesrl.com.ar\/wp-content\/uploads\/2025\/07\/service.webp\" class=\"elementor-animation-grow attachment-full size-full wp-image-118\" alt=\"\" srcset=\"https:\/\/digitalpulsesrl.com.ar\/wp-content\/uploads\/2025\/07\/service.webp 500w, https:\/\/digitalpulsesrl.com.ar\/wp-content\/uploads\/2025\/07\/service-300x300.webp 300w, https:\/\/digitalpulsesrl.com.ar\/wp-content\/uploads\/2025\/07\/service-150x150.webp 150w\" sizes=\"(max-width: 500px) 100vw, 500px\" \/><\/a><\/figure><div class=\"elementor-image-box-content\"><h4 class=\"elementor-image-box-title\"><a href=\"#\">Service de usadas<\/a><\/h4><\/div><\/div>\t\t\t\t<\/div>\n\t\t\t\t<\/div>\n\t\t\t\t<\/div>\n\t\t\t\t<\/div>\n\t\t<div class=\"elementor-element elementor-element-cc8fb49 e-flex e-con-boxed e-con e-parent\" data-id=\"cc8fb49\" data-element_type=\"container\">\n\t\t\t\t\t<div class=\"e-con-inner\">\n\t\t\t\t<div class=\"elementor-element elementor-element-ff2ae41 elementor-widget elementor-widget-heading\" data-id=\"ff2ae41\" data-element_type=\"widget\" data-widget_type=\"heading.default\">\n\t\t\t\t\t<h3 class=\"elementor-heading-title elementor-size-default\">Impulsamos tu mundo digital<\/h3>\t\t\t\t<\/div>\n\t\t\t\t\t<\/div>\n\t\t\t\t<\/div>\n\t\t<div class=\"elementor-element elementor-element-796e6242 e-flex e-con-boxed e-con e-parent\" data-id=\"796e6242\" data-element_type=\"container\">\n\t\t\t\t\t<div class=\"e-con-inner\">\n\t\t\t\t<div class=\"elementor-element elementor-element-1981d169 elementor-widget elementor-widget-heading\" data-id=\"1981d169\" data-element_type=\"widget\" data-widget_type=\"heading.default\">\n\t\t\t\t\t<h3 class=\"elementor-heading-title elementor-size-default\">contacto<\/h3>\t\t\t\t<\/div>\n\t\t\t\t<div class=\"elementor-element elementor-element-2a4a718 elementor-icon-list--layout-inline elementor-align-center elementor-mobile-align-left elementor-list-item-link-full_width elementor-widget elementor-widget-icon-list\" data-id=\"2a4a718\" data-element_type=\"widget\" data-widget_type=\"icon-list.default\">\n\t\t\t\t\t\t\t<ul class=\"elementor-icon-list-items elementor-inline-items\">\n\t\t\t\t\t\t\t<li class=\"elementor-icon-list-item elementor-inline-item\">\n\t\t\t\t\t\t\t\t\t\t\t<span class=\"elementor-icon-list-icon\">\n\t\t\t\t\t\t\t<svg aria-hidden=\"true\" class=\"e-font-icon-svg e-fas-map-marker-alt\" viewBox=\"0 0 384 512\" xmlns=\"http:\/\/www.w3.org\/2000\/svg\"><path d=\"M172.268 501.67C26.97 291.031 0 269.413 0 192 0 85.961 85.961 0 192 0s192 85.961 192 192c0 77.413-26.97 99.031-172.268 309.67-9.535 13.774-29.93 13.773-39.464 0zM192 272c44.183 0 80-35.817 80-80s-35.817-80-80-80-80 35.817-80 80 35.817 80 80 80z\"><\/path><\/svg>\t\t\t\t\t\t<\/span>\n\t\t\t\t\t\t\t\t\t\t<span class=\"elementor-icon-list-text\">Talcahuano 768 - C.A.B.A.<\/span>\n\t\t\t\t\t\t\t\t\t<\/li>\n\t\t\t\t\t\t\t\t<li class=\"elementor-icon-list-item elementor-inline-item\">\n\t\t\t\t\t\t\t\t\t\t\t<span class=\"elementor-icon-list-icon\">\n\t\t\t\t\t\t\t<svg aria-hidden=\"true\" class=\"e-font-icon-svg e-fas-phone-alt\" viewBox=\"0 0 512 512\" xmlns=\"http:\/\/www.w3.org\/2000\/svg\"><path d=\"M497.39 361.8l-112-48a24 24 0 0 0-28 6.9l-49.6 60.6A370.66 370.66 0 0 1 130.6 204.11l60.6-49.6a23.94 23.94 0 0 0 6.9-28l-48-112A24.16 24.16 0 0 0 122.6.61l-104 24A24 24 0 0 0 0 48c0 256.5 207.9 464 464 464a24 24 0 0 0 23.4-18.6l24-104a24.29 24.29 0 0 0-14.01-27.6z\"><\/path><\/svg>\t\t\t\t\t\t<\/span>\n\t\t\t\t\t\t\t\t\t\t<span class=\"elementor-icon-list-text\">+54 9 11 2531 1509<\/span>\n\t\t\t\t\t\t\t\t\t<\/li>\n\t\t\t\t\t\t\t\t<li class=\"elementor-icon-list-item elementor-inline-item\">\n\t\t\t\t\t\t\t\t\t\t\t<span class=\"elementor-icon-list-icon\">\n\t\t\t\t\t\t\t<svg aria-hidden=\"true\" class=\"e-font-icon-svg e-fas-envelope\" viewBox=\"0 0 512 512\" xmlns=\"http:\/\/www.w3.org\/2000\/svg\"><path d=\"M502.3 190.8c3.9-3.1 9.7-.2 9.7 4.7V400c0 26.5-21.5 48-48 48H48c-26.5 0-48-21.5-48-48V195.6c0-5 5.7-7.8 9.7-4.7 22.4 17.4 52.1 39.5 154.1 113.6 21.1 15.4 56.7 47.8 92.2 47.6 35.7.3 72-32.8 92.3-47.6 102-74.1 131.6-96.3 154-113.7zM256 320c23.2.4 56.6-29.2 73.4-41.4 132.7-96.3 142.8-104.7 173.4-128.7 5.8-4.5 9.2-11.5 9.2-18.9v-19c0-26.5-21.5-48-48-48H48C21.5 64 0 85.5 0 112v19c0 7.4 3.4 14.3 9.2 18.9 30.6 23.9 40.7 32.4 173.4 128.7 16.8 12.2 50.2 41.8 73.4 41.4z\"><\/path><\/svg>\t\t\t\t\t\t<\/span>\n\t\t\t\t\t\t\t\t\t\t<span class=\"elementor-icon-list-text\">administracion@digitalpulsesrl.com.ar<\/span>\n\t\t\t\t\t\t\t\t\t<\/li>\n\t\t\t\t\t\t<\/ul>\n\t\t\t\t\t\t<\/div>\n\t\t\t\t<div class=\"elementor-element elementor-element-7bb5dfa elementor-widget elementor-widget-google_maps\" data-id=\"7bb5dfa\" data-element_type=\"widget\" data-widget_type=\"google_maps.default\">\n\t\t\t\t\t\t\t<div class=\"elementor-custom-embed\">\n\t\t\t<iframe loading=\"lazy\"\n\t\t\t\t\tsrc=\"https:\/\/maps.google.com\/maps?q=%20buenos%20aires%2C%20talcahuano%20768&#038;t=m&#038;z=13&#038;output=embed&#038;iwloc=near\"\n\t\t\t\t\ttitle=\" buenos aires, talcahuano 768\"\n\t\t\t\t\taria-label=\" buenos aires, talcahuano 768\"\n\t\t\t><\/iframe>\n\t\t<\/div>\n\t\t\t\t\t\t<\/div>\n\t\t\t\t<div class=\"elementor-element elementor-element-5016ada elementor-widget elementor-widget-spacer\" data-id=\"5016ada\" data-element_type=\"widget\" data-widget_type=\"spacer.default\">\n\t\t\t\t\t\t\t<div class=\"elementor-spacer\">\n\t\t\t<div class=\"elementor-spacer-inner\"><\/div>\n\t\t<\/div>\n\t\t\t\t\t\t<\/div>\n\t\t\t\t\t<\/div>\n\t\t\t\t<\/div>\n\t\t<div class=\"elementor-element elementor-element-6f19b530 e-con-full e-flex e-con e-parent\" data-id=\"6f19b530\" data-element_type=\"container\" data-settings=\"{&quot;background_background&quot;:&quot;classic&quot;}\">\n\t\t\t\t<div class=\"elementor-element elementor-element-77024ea0 elementor-widget elementor-widget-heading\" data-id=\"77024ea0\" data-element_type=\"widget\" data-widget_type=\"heading.default\">\n\t\t\t\t\t<p class=\"elementor-heading-title elementor-size-default\">\u00a9 All Rights Reserved.<\/p>\t\t\t\t<\/div>\n\t\t\t\t<\/div>\n\t\t\t\t<\/div>\n\t\t","protected":false},"excerpt":{"rendered":"<p>Soluciones inform\u00e1ticas integrales Nosotros En DigitalPulse impulsamos el latido tecnol\u00f3gico de tu mundo. Somos una empresa especializada en soluciones inform\u00e1ticas integrales y venta de equipos de \u00faltima generaci\u00f3n, pensada para acompa\u00f1ar a empresas, profesionales y usuarios en su transformaci\u00f3n digital. Desde nuestros inicios, nos propusimos ser m\u00e1s que un proveedor: queremos ser tu aliado tecnol\u00f3gico.&hellip;&nbsp;<a href=\"https:\/\/digitalpulsesrl.com.ar\/\" rel=\"bookmark\"><span class=\"screen-reader-text\">Digital Pulse | Soluciones inform\u00e1ticas integrales<\/span><\/a><\/p>\n","protected":false},"author":1,"featured_media":0,"parent":0,"menu_order":0,"comment_status":"closed","ping_status":"closed","template":"elementor_header_footer","meta":{"neve_meta_sidebar":"","neve_meta_container":"","neve_meta_enable_content_width":"","neve_meta_content_width":0,"neve_meta_title_alignment":"","neve_meta_author_avatar":"","neve_post_elements_order":"","neve_meta_disable_header":"","neve_meta_disable_footer":"","neve_meta_disable_title":"","footnotes":""},"class_list":["post-16","page","type-page","status-publish","hentry"],"yoast_head":"<!-- This site is optimized with the Yoast SEO plugin v25.5 - https:\/\/yoast.com\/wordpress\/plugins\/seo\/ -->\n<title>Digital Pulse - Soluciones inform\u00e1ticas<\/title>\n<meta name=\"description\" content=\"Soluciones inform\u00e1ticas integrales y venta de equipos de ultima generaci\u00f3n. Servicios y productos que marcan la diferencia.\" \/>\n<meta name=\"robots\" content=\"index, follow, max-snippet:-1, max-image-preview:large, max-video-preview:-1\" \/>\n<link rel=\"canonical\" href=\"https:\/\/digitalpulsesrl.com.ar\/\" \/>\n<meta property=\"og:locale\" content=\"es_ES\" \/>\n<meta property=\"og:type\" content=\"article\" \/>\n<meta property=\"og:title\" content=\"Digital Pulse - Soluciones inform\u00e1ticas\" \/>\n<meta property=\"og:description\" content=\"Soluciones inform\u00e1ticas integrales y venta de equipos de ultima generaci\u00f3n. Servicios y productos que marcan la diferencia.\" \/>\n<meta property=\"og:url\" content=\"https:\/\/digitalpulsesrl.com.ar\/\" \/>\n<meta property=\"og:site_name\" content=\"Digital Pulse\" \/>\n<meta property=\"article:modified_time\" content=\"2025-07-22T21:20:58+00:00\" \/>\n<meta property=\"og:image\" content=\"https:\/\/digitalpulsesrl.com.ar\/wp-content\/uploads\/2025\/07\/imgnosotris.webp\" \/>\n<meta name=\"twitter:card\" content=\"summary_large_image\" \/>\n<meta name=\"twitter:label1\" content=\"Tiempo de lectura\" \/>\n\t<meta name=\"twitter:data1\" content=\"2 minutos\" \/>\n<script type=\"application\/ld+json\" class=\"yoast-schema-graph\">{\"@context\":\"https:\/\/schema.org\",\"@graph\":[{\"@type\":\"WebPage\",\"@id\":\"https:\/\/digitalpulsesrl.com.ar\/\",\"url\":\"https:\/\/digitalpulsesrl.com.ar\/\",\"name\":\"Digital Pulse - Soluciones inform\u00e1ticas\",\"isPartOf\":{\"@id\":\"https:\/\/digitalpulsesrl.com.ar\/#website\"},\"primaryImageOfPage\":{\"@id\":\"https:\/\/digitalpulsesrl.com.ar\/#primaryimage\"},\"image\":{\"@id\":\"https:\/\/digitalpulsesrl.com.ar\/#primaryimage\"},\"thumbnailUrl\":\"https:\/\/digitalpulsesrl.com.ar\/wp-content\/uploads\/2025\/07\/imgnosotris.webp\",\"datePublished\":\"2025-07-10T15:12:14+00:00\",\"dateModified\":\"2025-07-22T21:20:58+00:00\",\"description\":\"Soluciones inform\u00e1ticas integrales y venta de equipos de ultima generaci\u00f3n. Servicios y productos que marcan la diferencia.\",\"breadcrumb\":{\"@id\":\"https:\/\/digitalpulsesrl.com.ar\/#breadcrumb\"},\"inLanguage\":\"es-AR\",\"potentialAction\":[{\"@type\":\"ReadAction\",\"target\":[\"https:\/\/digitalpulsesrl.com.ar\/\"]}]},{\"@type\":\"ImageObject\",\"inLanguage\":\"es-AR\",\"@id\":\"https:\/\/digitalpulsesrl.com.ar\/#primaryimage\",\"url\":\"https:\/\/digitalpulsesrl.com.ar\/wp-content\/uploads\/2025\/07\/imgnosotris.webp\",\"contentUrl\":\"https:\/\/digitalpulsesrl.com.ar\/wp-content\/uploads\/2025\/07\/imgnosotris.webp\",\"width\":500,\"height\":500},{\"@type\":\"BreadcrumbList\",\"@id\":\"https:\/\/digitalpulsesrl.com.ar\/#breadcrumb\",\"itemListElement\":[{\"@type\":\"ListItem\",\"position\":1,\"name\":\"Inicio\",\"item\":\"https:\/\/digitalpulsesrl.com.ar\/\"},{\"@type\":\"ListItem\",\"position\":2,\"name\":\"Digital Pulse | Soluciones inform\u00e1ticas integrales\"}]},{\"@type\":\"WebSite\",\"@id\":\"https:\/\/digitalpulsesrl.com.ar\/#website\",\"url\":\"https:\/\/digitalpulsesrl.com.ar\/\",\"name\":\"Digital Pulse\",\"description\":\"\",\"potentialAction\":[{\"@type\":\"SearchAction\",\"target\":{\"@type\":\"EntryPoint\",\"urlTemplate\":\"https:\/\/digitalpulsesrl.com.ar\/?s={search_term_string}\"},\"query-input\":{\"@type\":\"PropertyValueSpecification\",\"valueRequired\":true,\"valueName\":\"search_term_string\"}}],\"inLanguage\":\"es-AR\"}]}<\/script>\n<!-- \/ Yoast SEO plugin. -->","yoast_head_json":{"title":"Digital Pulse - Soluciones inform\u00e1ticas","description":"Soluciones inform\u00e1ticas integrales y venta de equipos de ultima generaci\u00f3n. Servicios y productos que marcan la diferencia.","robots":{"index":"index","follow":"follow","max-snippet":"max-snippet:-1","max-image-preview":"max-image-preview:large","max-video-preview":"max-video-preview:-1"},"canonical":"https:\/\/digitalpulsesrl.com.ar\/","og_locale":"es_ES","og_type":"article","og_title":"Digital Pulse - Soluciones inform\u00e1ticas","og_description":"Soluciones inform\u00e1ticas integrales y venta de equipos de ultima generaci\u00f3n. Servicios y productos que marcan la diferencia.","og_url":"https:\/\/digitalpulsesrl.com.ar\/","og_site_name":"Digital Pulse","article_modified_time":"2025-07-22T21:20:58+00:00","og_image":[{"url":"https:\/\/digitalpulsesrl.com.ar\/wp-content\/uploads\/2025\/07\/imgnosotris.webp","type":"","width":"","height":""}],"twitter_card":"summary_large_image","twitter_misc":{"Tiempo de lectura":"2 minutos"},"schema":{"@context":"https:\/\/schema.org","@graph":[{"@type":"WebPage","@id":"https:\/\/digitalpulsesrl.com.ar\/","url":"https:\/\/digitalpulsesrl.com.ar\/","name":"Digital Pulse - Soluciones inform\u00e1ticas","isPartOf":{"@id":"https:\/\/digitalpulsesrl.com.ar\/#website"},"primaryImageOfPage":{"@id":"https:\/\/digitalpulsesrl.com.ar\/#primaryimage"},"image":{"@id":"https:\/\/digitalpulsesrl.com.ar\/#primaryimage"},"thumbnailUrl":"https:\/\/digitalpulsesrl.com.ar\/wp-content\/uploads\/2025\/07\/imgnosotris.webp","datePublished":"2025-07-10T15:12:14+00:00","dateModified":"2025-07-22T21:20:58+00:00","description":"Soluciones inform\u00e1ticas integrales y venta de equipos de ultima generaci\u00f3n. Servicios y productos que marcan la diferencia.","breadcrumb":{"@id":"https:\/\/digitalpulsesrl.com.ar\/#breadcrumb"},"inLanguage":"es-AR","potentialAction":[{"@type":"ReadAction","target":["https:\/\/digitalpulsesrl.com.ar\/"]}]},{"@type":"ImageObject","inLanguage":"es-AR","@id":"https:\/\/digitalpulsesrl.com.ar\/#primaryimage","url":"https:\/\/digitalpulsesrl.com.ar\/wp-content\/uploads\/2025\/07\/imgnosotris.webp","contentUrl":"https:\/\/digitalpulsesrl.com.ar\/wp-content\/uploads\/2025\/07\/imgnosotris.webp","width":500,"height":500},{"@type":"BreadcrumbList","@id":"https:\/\/digitalpulsesrl.com.ar\/#breadcrumb","itemListElement":[{"@type":"ListItem","position":1,"name":"Inicio","item":"https:\/\/digitalpulsesrl.com.ar\/"},{"@type":"ListItem","position":2,"name":"Digital Pulse | Soluciones inform\u00e1ticas integrales"}]},{"@type":"WebSite","@id":"https:\/\/digitalpulsesrl.com.ar\/#website","url":"https:\/\/digitalpulsesrl.com.ar\/","name":"Digital Pulse","description":"","potentialAction":[{"@type":"SearchAction","target":{"@type":"EntryPoint","urlTemplate":"https:\/\/digitalpulsesrl.com.ar\/?s={search_term_string}"},"query-input":{"@type":"PropertyValueSpecification","valueRequired":true,"valueName":"search_term_string"}}],"inLanguage":"es-AR"}]}},"_links":{"self":[{"href":"https:\/\/digitalpulsesrl.com.ar\/index.php?rest_route=\/wp\/v2\/pages\/16","targetHints":{"allow":["GET"]}}],"collection":[{"href":"https:\/\/digitalpulsesrl.com.ar\/index.php?rest_route=\/wp\/v2\/pages"}],"about":[{"href":"https:\/\/digitalpulsesrl.com.ar\/index.php?rest_route=\/wp\/v2\/types\/page"}],"author":[{"embeddable":true,"href":"https:\/\/digitalpulsesrl.com.ar\/index.php?rest_route=\/wp\/v2\/users\/1"}],"replies":[{"embeddable":true,"href":"https:\/\/digitalpulsesrl.com.ar\/index.php?rest_route=%2Fwp%2Fv2%2Fcomments&post=16"}],"version-history":[{"count":62,"href":"https:\/\/digitalpulsesrl.com.ar\/index.php?rest_route=\/wp\/v2\/pages\/16\/revisions"}],"predecessor-version":[{"id":127,"href":"https:\/\/digitalpulsesrl.com.ar\/index.php?rest_route=\/wp\/v2\/pages\/16\/revisions\/127"}],"wp:attachment":[{"href":"https:\/\/digitalpulsesrl.com.ar\/index.php?rest_route=%2Fwp%2Fv2%2Fmedia&parent=16"}],"curies":[{"name":"wp","href":"https:\/\/api.w.org\/{rel}","templated":true}]}}